{"id":141,"date":"2010-09-07T17:00:37","date_gmt":"2010-09-07T15:00:37","guid":{"rendered":"http:\/\/herage.org\/blog\/?page_id=141"},"modified":"2024-11-29T19:35:44","modified_gmt":"2024-11-29T18:35:44","slug":"agenda-du-cgpparis","status":"publish","type":"page","link":"https:\/\/herage.org\/blog\/calendrier\/agenda-du-cgpparis\/","title":{"rendered":"RDV Franciliens"},"content":{"rendered":"<p><a href=\"https:\/\/i0.wp.com\/herage.org\/blog\/wp-content\/uploads\/2010\/09\/reunion-pic1.jpg\"><img data-attachment-id=\"564\" data-permalink=\"https:\/\/herage.org\/blog\/calendrier\/agenda-du-cgpparis\/reunion-pic1\/\" data-orig-file=\"https:\/\/i0.wp.com\/herage.org\/blog\/wp-content\/uploads\/2010\/09\/reunion-pic1.jpg?fit=600%2C350&amp;ssl=1\" data-orig-size=\"600,350\" data-comments-opened=\"1\" data-image-meta=\"{&quot;aperture&quot;:&quot;0&quot;,&quot;credit&quot;:&quot;&quot;,&quot;camera&quot;:&quot;&quot;,&quot;caption&quot;:&quot;&quot;,&quot;created_timestamp&quot;:&quot;0&quot;,&quot;copyright&quot;:&quot;&quot;,&quot;focal_length&quot;:&quot;0&quot;,&quot;iso&quot;:&quot;0&quot;,&quot;shutter_speed&quot;:&quot;0&quot;,&quot;title&quot;:&quot;&quot;}\" data-image-title=\"reunion-pic[1]\" data-image-description=\"\" data-image-caption=\"\" data-medium-file=\"https:\/\/i0.wp.com\/herage.org\/blog\/wp-content\/uploads\/2010\/09\/reunion-pic1.jpg?fit=300%2C175&amp;ssl=1\" data-large-file=\"https:\/\/i0.wp.com\/herage.org\/blog\/wp-content\/uploads\/2010\/09\/reunion-pic1.jpg?fit=584%2C341&amp;ssl=1\" loading=\"lazy\" class=\" wp-image-564 alignright\" src=\"https:\/\/i0.wp.com\/herage.org\/blog\/wp-content\/uploads\/2010\/09\/reunion-pic1-150x150.jpg?resize=144%2C66\" alt=\"reunion-pic[1]\" width=\"144\" height=\"66\" data-recalc-dims=\"1\" \/><\/a><\/p>\n<p>Tous les 2 mois environ, les adh\u00e9rents et sympathisants qui le d\u00e9sirent se retrouvent dans des locaux situ\u00e9s au <strong>centre de Paris<\/strong> (<a href=\"https:\/\/lestandard-paris.fr\/\">Restaurant Le Standard Rive Gauche<\/a>), ou parfois, en VisioConf\u00e9rence et ceci en fonction des possibilit\u00e9s.<\/p>\n<p>Ces r\u00e9union sont l\u2019occasion d&rsquo;\u00e9changes conviviales entre adh\u00e9rents et sympathisants sur les recherches g\u00e9n\u00e9alogiques et la vie du cercle.<\/p>\n<p>En g\u00e9n\u00e9ral, ces rencontres pr\u00e9sentielles se d\u00e9roulent l&rsquo;apr\u00e8s-midi et sont pr\u00e9c\u00e9d\u00e9es, d&rsquo;un d\u00e9jeuner, pour les participants qui le d\u00e9sirent, dans le restaurant.<br \/>\nEn distanciel, la rencontre se d\u00e9roule en VisioConf\u00e9rence en utilisant le logiciel\u00a0 Zoom. Les coordonn\u00e9es de cette r\u00e9union sont adress\u00e9es aux participants par le forum de l&rsquo;association. Ce forum se nomme genea86-cgp et est h\u00e9berg\u00e9 par <a href=\"https:\/\/framasoft.org\/fr\/\" target=\"_blank\" rel=\"noopener noreferrer\">l&rsquo;association fran\u00e7aise Framasoft<\/a>.<br \/>\nSi ce n&rsquo;est d\u00e9j\u00e0 fait, nous vous invitons ardemment \u00e0 <a href=\"https:\/\/www.herage.org\/cgp_liste.htm\" target=\"_blank\" rel=\"noopener noreferrer\">vous inscrire sur celui-ci<\/a> pour \u00e9changer librement entre adh\u00e9rents et avoir les derni\u00e8res informations de l&rsquo;association.<\/p>\n<p><strong>Dates des rencontres planifi\u00e9es pour 2025 :<\/strong><\/p>\n<ul>\n<li><strong>samedi 25 janvier 2025<\/strong>\u00a0==&gt; r\u00e9union de l&rsquo;Antenne Francilienne \u00e0 15 h au <a href=\"https:\/\/lestandard-paris.fr\/\">restaurant le Standard Rive Gauche<\/a>.<\/li>\n<li><strong>samedi 5 avril 2025<\/strong>\u00a0==&gt; r\u00e9union de l&rsquo;Antenne Francilienne \u00e0 15 h au <a href=\"https:\/\/lestandard-paris.fr\/\">restaurant le Standard Rive Gauche<\/a>.<\/li>\n<li><strong>samedi 14 juin 2025<\/strong>\u00a0==&gt; r\u00e9union de l&rsquo;Antenne Francilienne \u00e0 15 h au <a href=\"https:\/\/lestandard-paris.fr\/\">restaurant le Standard Rive Gauche<\/a> .<\/li>\n<li><strong>samedi 27 septembre 2025<\/strong>\u00a0==&gt; r\u00e9union de l&rsquo;Antenne Francilienne \u00e0 15 h en au <a href=\"https:\/\/lestandard-paris.fr\/\">restaurant le Standard Rive Gauche<\/a>.<\/li>\n<li><strong>samedi 29 novembre 2025<\/strong>\u00a0==&gt; r\u00e9union de l&rsquo;Antenne Francilienne \u00e0 15 h au <a href=\"https:\/\/lestandard-paris.fr\/\">restaurant le Standard Rive Gauche<\/a>.<\/li>\n<\/ul>\n<p>N&rsquo;h\u00e9sitez pas participer et \u00e0 rencontrer vos probables cousins &#8230;<\/p>\n<p>La participation est libre et bien s\u00fbr gratuite.<\/p>\n","protected":false},"excerpt":{"rendered":"<p>Tous les 2 mois environ, les adh\u00e9rents et sympathisants qui le d\u00e9sirent se retrouvent dans des locaux situ\u00e9s au centre de Paris (Restaurant Le Standard Rive Gauche), ou parfois, en VisioConf\u00e9rence et ceci en fonction des possibilit\u00e9s. Ces r\u00e9union sont &hellip; <a href=\"https:\/\/herage.org\/blog\/calendrier\/agenda-du-cgpparis\/\">Continuer la lecture <span class=\"meta-nav\">&rarr;<\/span><\/a><\/p>\n","protected":false},"author":2,"featured_media":0,"parent":569,"menu_order":3,"comment_status":"open","ping_status":"closed","template":"","meta":{"spay_email":""},"jetpack_sharing_enabled":true,"jetpack_shortlink":"https:\/\/wp.me\/P4fVnZ-2h","jetpack-related-posts":[{"id":2941,"url":"https:\/\/herage.org\/blog\/anniversaire\/","url_meta":{"origin":141,"position":0},"title":"Anniversaire !","date":"28 juin 2021","format":false,"excerpt":"Mai 1981 ! ... Le Cercle G\u00e9n\u00e9alogique Poitevin d\u00e9pose ses statuts. Cela fait 40 ans !... Un anniversaire cela se f\u00eate ! Attendue par les adh\u00e9rents du cercle, notamment par les plus anciens qui se souviennent des derni\u00e8res occasions, 2021 devait, d\u00e8s son av\u00e8nement, \u00eatre une ann\u00e9e de festivit\u00e9s et\u2026","rel":"","context":"Article similaire","img":{"alt_text":"40 ans de g\u00e9n\u00e9alogie pour le Cercle G\u00e9n\u00e9alogique Poitevin","src":"https:\/\/i0.wp.com\/herage.org\/blog\/wp-content\/uploads\/2021\/06\/cercle-genealogique_anniv.png?fit=600%2C851&ssl=1&resize=350%2C200","width":350,"height":200},"classes":[]},{"id":711,"url":"https:\/\/herage.org\/blog\/calendrier\/rencontres-au-local-du-cgp-a-poitiers\/","url_meta":{"origin":141,"position":1},"title":"RDV \u00e0 Poitiers","date":"28 janvier 2016","format":false,"excerpt":"Ouverture de la permanence de l'association.","rel":"","context":"Article similaire","img":{"alt_text":"","src":"","width":0,"height":0},"classes":[]},{"id":2,"url":"https:\/\/herage.org\/blog\/a-propos\/","url_meta":{"origin":141,"position":2},"title":"\u00c0 propos","date":"15 mars 2010","format":false,"excerpt":"Ceci est une premi\u00e8re page pour indiquer la raison d'\u00eatre de ce Blog. Ils nous a sembl\u00e9 qu'aucun Blog ne reprenait les diverses actions ou manifestations concernant la g\u00e9n\u00e9alogie de la Vienne. Nous sommes passionn\u00e9s de g\u00e9n\u00e9alogie et fr\u00e9quentons assiduement les archives d\u00e9partementales du d\u00e9partement. En plus, adh\u00e9rents du CGP\u2026","rel":"","context":"Dans &quot;Non class\u00e9&quot;","img":{"alt_text":"","src":"","width":0,"height":0},"classes":[]},{"id":35,"url":"https:\/\/herage.org\/blog\/principes-de-labonnement\/","url_meta":{"origin":141,"position":3},"title":"Abonnement au Blog","date":"18 mars 2010","format":false,"excerpt":"Ce Blog, bas\u00e9 sur WordPress, dispose d'un syst\u00e8me d'abonnement. Ce dernier est gratuit et permet aux personnes y ayant souscrit, de recevoir un message \u00e9lectronique d\u00e8s qu'un nouvel article est ins\u00e9r\u00e9 et publi\u00e9. Cet abonnement est personnalisable et, bien sur, peut \u00eatre abandonn\u00e9 \u00e0 tout moment. Gr\u00e2ce \u00e0 ce syst\u00e8me,\u2026","rel":"","context":"Dans &quot;Non class\u00e9&quot;","img":{"alt_text":"","src":"","width":0,"height":0},"classes":[]}],"_links":{"self":[{"href":"https:\/\/herage.org\/blog\/wp-json\/wp\/v2\/pages\/141"}],"collection":[{"href":"https:\/\/herage.org\/blog\/wp-json\/wp\/v2\/pages"}],"about":[{"href":"https:\/\/herage.org\/blog\/wp-json\/wp\/v2\/types\/page"}],"author":[{"embeddable":true,"href":"https:\/\/herage.org\/blog\/wp-json\/wp\/v2\/users\/2"}],"replies":[{"embeddable":true,"href":"https:\/\/herage.org\/blog\/wp-json\/wp\/v2\/comments?post=141"}],"version-history":[{"count":72,"href":"https:\/\/herage.org\/blog\/wp-json\/wp\/v2\/pages\/141\/revisions"}],"predecessor-version":[{"id":3423,"href":"https:\/\/herage.org\/blog\/wp-json\/wp\/v2\/pages\/141\/revisions\/3423"}],"up":[{"embeddable":true,"href":"https:\/\/herage.org\/blog\/wp-json\/wp\/v2\/pages\/569"}],"wp:attachment":[{"href":"https:\/\/herage.org\/blog\/wp-json\/wp\/v2\/media?parent=141"}],"curies":[{"name":"wp","href":"https:\/\/api.w.org\/{rel}","templated":true}]}}