{"id":2,"date":"2010-03-15T05:42:43","date_gmt":"2010-03-15T04:42:43","guid":{"rendered":"http:\/\/herage.org\/blog\/?page_id=2"},"modified":"2016-01-29T10:33:03","modified_gmt":"2016-01-29T09:33:03","slug":"a-propos","status":"publish","type":"page","link":"https:\/\/herage.org\/blog\/a-propos\/","title":{"rendered":"\u00c0 propos"},"content":{"rendered":"<p>Ceci est une premi\u00e8re page pour indiquer la raison d&rsquo;\u00eatre de ce Blog. Ils nous a sembl\u00e9 qu&rsquo;aucun Blog ne reprenait les diverses actions ou manifestations concernant la g\u00e9n\u00e9alogie de la Vienne.<\/p>\n<p>Nous sommes passionn\u00e9s de g\u00e9n\u00e9alogie et fr\u00e9quentons assiduement les archives d\u00e9partementales du d\u00e9partement. En plus, adh\u00e9rents du CGP (Cercle G\u00e9n\u00e9alogique Poitevin), nous sommes aussi au carrefour des informations en provenance de la f\u00e9d\u00e9rations ou encore des cercles voisins et amis.<\/p>\n<p>Dans ce cadre, il semblait naturel de trouver un espace pour publier et \u00e9changer sur ce monde.<\/p>\n","protected":false},"excerpt":{"rendered":"<p>Ceci est une premi\u00e8re page pour indiquer la raison d&rsquo;\u00eatre de ce Blog. Ils nous a sembl\u00e9 qu&rsquo;aucun Blog ne reprenait les diverses actions ou manifestations concernant la g\u00e9n\u00e9alogie de la Vienne. Nous sommes passionn\u00e9s de g\u00e9n\u00e9alogie et fr\u00e9quentons assiduement &hellip; <a href=\"https:\/\/herage.org\/blog\/a-propos\/\">Continuer la lecture <span class=\"meta-nav\">&rarr;<\/span><\/a><\/p>\n","protected":false},"author":3,"featured_media":0,"parent":0,"menu_order":5,"comment_status":"open","ping_status":"closed","template":"","meta":{"spay_email":""},"jetpack_sharing_enabled":true,"jetpack_shortlink":"https:\/\/wp.me\/P4fVnZ-2","jetpack-related-posts":[{"id":2941,"url":"https:\/\/herage.org\/blog\/anniversaire\/","url_meta":{"origin":2,"position":0},"title":"Anniversaire !","date":"28 juin 2021","format":false,"excerpt":"Mai 1981 ! ... Le Cercle G\u00e9n\u00e9alogique Poitevin d\u00e9pose ses statuts. Cela fait 40 ans !... Un anniversaire cela se f\u00eate ! Attendue par les adh\u00e9rents du cercle, notamment par les plus anciens qui se souviennent des derni\u00e8res occasions, 2021 devait, d\u00e8s son av\u00e8nement, \u00eatre une ann\u00e9e de festivit\u00e9s et\u2026","rel":"","context":"Article similaire","img":{"alt_text":"40 ans de g\u00e9n\u00e9alogie pour le Cercle G\u00e9n\u00e9alogique Poitevin","src":"https:\/\/i0.wp.com\/herage.org\/blog\/wp-content\/uploads\/2021\/06\/cercle-genealogique_anniv.png?fit=600%2C851&ssl=1&resize=350%2C200","width":350,"height":200},"classes":[]},{"id":141,"url":"https:\/\/herage.org\/blog\/calendrier\/agenda-du-cgpparis\/","url_meta":{"origin":2,"position":1},"title":"RDV Franciliens","date":"7 septembre 2010","format":false,"excerpt":"Tous les 2 mois environ, les adh\u00e9rents et sympathisants qui le d\u00e9sirent se retrouvent dans des locaux situ\u00e9s au centre de Paris (Restaurant Le Standard Rive Gauche), ou parfois, en VisioConf\u00e9rence et ceci en fonction des possibilit\u00e9s. Ces r\u00e9union sont l\u2019occasion d'\u00e9changes conviviales entre adh\u00e9rents et sympathisants sur les recherches\u2026","rel":"","context":"Avec 4 commentaires","img":{"alt_text":"","src":"","width":0,"height":0},"classes":[]},{"id":35,"url":"https:\/\/herage.org\/blog\/principes-de-labonnement\/","url_meta":{"origin":2,"position":2},"title":"Abonnement au Blog","date":"18 mars 2010","format":false,"excerpt":"Ce Blog, bas\u00e9 sur WordPress, dispose d'un syst\u00e8me d'abonnement. Ce dernier est gratuit et permet aux personnes y ayant souscrit, de recevoir un message \u00e9lectronique d\u00e8s qu'un nouvel article est ins\u00e9r\u00e9 et publi\u00e9. Cet abonnement est personnalisable et, bien sur, peut \u00eatre abandonn\u00e9 \u00e0 tout moment. Gr\u00e2ce \u00e0 ce syst\u00e8me,\u2026","rel":"","context":"Dans &quot;Non class\u00e9&quot;","img":{"alt_text":"","src":"","width":0,"height":0},"classes":[]},{"id":711,"url":"https:\/\/herage.org\/blog\/calendrier\/rencontres-au-local-du-cgp-a-poitiers\/","url_meta":{"origin":2,"position":3},"title":"RDV \u00e0 Poitiers","date":"28 janvier 2016","format":false,"excerpt":"Ouverture de la permanence de l'association.","rel":"","context":"Article similaire","img":{"alt_text":"","src":"","width":0,"height":0},"classes":[]},{"id":569,"url":"https:\/\/herage.org\/blog\/calendrier\/","url_meta":{"origin":2,"position":4},"title":"Rencontres et rendez-vous","date":"16 janvier 2014","format":false,"excerpt":"","rel":"","context":"Article similaire","img":{"alt_text":"","src":"","width":0,"height":0},"classes":[]},{"id":1562,"url":"https:\/\/herage.org\/blog\/principes-de-labonnement\/modification-du-profil-sur-le-blog\/","url_meta":{"origin":2,"position":5},"title":"Modification du profil","date":"11 octobre 2018","format":false,"excerpt":"Vous pouvez actualiser vos informations sur le blog sur cette page. Bien s\u00fbr, il est n\u00e9cessaire de vous identifier pr\u00e9alablement. \u00a0","rel":"","context":"Article similaire","img":{"alt_text":"","src":"","width":0,"height":0},"classes":[]}],"_links":{"self":[{"href":"https:\/\/herage.org\/blog\/wp-json\/wp\/v2\/pages\/2"}],"collection":[{"href":"https:\/\/herage.org\/blog\/wp-json\/wp\/v2\/pages"}],"about":[{"href":"https:\/\/herage.org\/blog\/wp-json\/wp\/v2\/types\/page"}],"author":[{"embeddable":true,"href":"https:\/\/herage.org\/blog\/wp-json\/wp\/v2\/users\/3"}],"replies":[{"embeddable":true,"href":"https:\/\/herage.org\/blog\/wp-json\/wp\/v2\/comments?post=2"}],"version-history":[{"count":5,"href":"https:\/\/herage.org\/blog\/wp-json\/wp\/v2\/pages\/2\/revisions"}],"predecessor-version":[{"id":715,"href":"https:\/\/herage.org\/blog\/wp-json\/wp\/v2\/pages\/2\/revisions\/715"}],"wp:attachment":[{"href":"https:\/\/herage.org\/blog\/wp-json\/wp\/v2\/media?parent=2"}],"curies":[{"name":"wp","href":"https:\/\/api.w.org\/{rel}","templated":true}]}}