{"id":2941,"date":"2021-06-28T17:24:55","date_gmt":"2021-06-28T15:24:55","guid":{"rendered":"https:\/\/herage.org\/blog\/?page_id=2941"},"modified":"2021-09-16T01:35:26","modified_gmt":"2021-09-15T23:35:26","slug":"anniversaire","status":"publish","type":"page","link":"https:\/\/herage.org\/blog\/anniversaire\/","title":{"rendered":"Anniversaire !"},"content":{"rendered":"\n<p>Mai 1981 ! &#8230;  Le Cercle G\u00e9n\u00e9alogique Poitevin d\u00e9pose ses statuts.<\/p>\n\n\n\n<p class=\"has-text-align-center\"><strong>Cela fait 40 ans !&#8230;<\/strong><\/p>\n\n\n\n<p class=\"has-text-align-center\"> <strong>Un anniversaire cela se f\u00eate !<\/strong> <\/p>\n\n\n\n<p style=\"text-align: justify;\">Attendue par les adh\u00e9rents du cercle, notamment par les plus anciens qui se souviennent des derni\u00e8res occasions, 2021 devait, d\u00e8s son av\u00e8nement, \u00eatre une ann\u00e9e de festivit\u00e9s et d\u2019animations particuli\u00e8res.&nbsp;<\/p>\n<p style=\"text-align: justify;\">Le bureau, dont une partie avait en m\u00e9moire la f\u00eate du 30\u00e8me anniversaire (\u00e0 La Hune de St Beno\u00eet),&nbsp; s\u2019\u00e9tait pr\u00e9par\u00e9 \u00e0 une s\u00e9rie d&rsquo;animations sp\u00e9ciales et d\u2019envergure.<\/p>\n<p style=\"text-align: justify;\">Traditionnellement, chaque ann\u00e9e, le CGP organise un week-end d\u2019\u00e9changes et de rencontres fort appr\u00e9ci\u00e9s des adh\u00e9rents. Ils profitent de cette occasion, qui pour&nbsp; r\u00e9cup\u00e9rer des informations manquantes, qui pour montrer ses derni\u00e8res trouvailles, croiser des donn\u00e9es incertaines, ouvrir de nouvelles branches g\u00e9n\u00e9alogiques. Sans compter les moments de convivialit\u00e9 et d\u2019\u00e9changes.&nbsp;<\/p>\n<p style=\"text-align: justify;\">Le week-end de 2021 devait reproduire cette tradition en lui donnant un faste particulier : les envies de mini congr\u00e8s&nbsp; \u00e0 l\u2019image du congr\u00e8s national de 2015 (se souvenir du Palais des congr\u00e8s au&nbsp; Futuroscope) occupaient les esprits.<\/p>\n<p style=\"text-align: justify;\">C\u2019\u00e9tait sans compter sur le Covid et son lot de contraintes sanitaires.<\/p>\n<p style=\"text-align: center;\"><strong>Il a fallu en rabattre ! \u2026 Mais pas renoncer !<\/strong><\/p>\n<p style=\"text-align: justify;\">Le principe des rencontres a \u00e9t\u00e9 renvoy\u00e9 \u00e0 des jours meilleurs (2022 ?) mais une partie des intentions a \u00e9t\u00e9 maintenue. En particulier une grande r\u00e9trospective des nombreuses expositions \u00e0 th\u00e8mes qui ont \u00e9t\u00e9 mont\u00e9es au fil du temps.<\/p>\n<p style=\"text-align: justify;\">Initi\u00e9es \u00e0 Bignoux en 2018 plusieurs conf\u00e9rences th\u00e9matiques seront propos\u00e9es au public (adh\u00e9rents ou non). De m\u00eame des ateliers pratiques seront organis\u00e9s.<\/p>\n<p style=\"text-align: center;\"><strong>Une nouvelle animation sera propos\u00e9e &#8230;<\/strong><\/p>\n<p style=\"text-align: justify;\">Un rallye g\u00e9n\u00e9alogique permettra aux novices d\u2019entrer, par le jeu, dans le monde de la g\u00e9n\u00e9alogie avec ses outils et m\u00e9thodes de recherche.<\/p>\n<p style=\"text-align: justify;\">En conclusion, apr\u00e8s un temps de d\u00e9ception, c\u2019est donc avec optimisme et enthousiasme que les membres du bureau et les adh\u00e9rents se lancent dans cette nouvelle aventure !<\/p>\n<p style=\"text-align: justify;\">La programmation sera d\u00e9taill\u00e9e au fur et \u00e0 mesure dans des articles d\u00e9di\u00e9s.<\/p>\n\n\n\n<p><strong>Plusieurs temps forts au programme :<\/strong><\/p>\n\n\n\n<div class=\"wp-container-3 wp-block-columns\">\n<div class=\"wp-container-1 wp-block-column\">\n<div class=\"wp-block-image\"><figure class=\"aligncenter size-large is-resized\"><a href=\"https:\/\/i0.wp.com\/herage.org\/blog\/wp-content\/uploads\/2021\/06\/cercle-genealogique_anniv.png?ssl=1\"><img data-attachment-id=\"2953\" data-permalink=\"https:\/\/herage.org\/blog\/cercle-genealogique_anniv\/\" data-orig-file=\"https:\/\/i0.wp.com\/herage.org\/blog\/wp-content\/uploads\/2021\/06\/cercle-genealogique_anniv.png?fit=600%2C851&amp;ssl=1\" data-orig-size=\"600,851\" data-comments-opened=\"1\" data-image-meta=\"{&quot;aperture&quot;:&quot;0&quot;,&quot;credit&quot;:&quot;&quot;,&quot;camera&quot;:&quot;&quot;,&quot;caption&quot;:&quot;&quot;,&quot;created_timestamp&quot;:&quot;0&quot;,&quot;copyright&quot;:&quot;&quot;,&quot;focal_length&quot;:&quot;0&quot;,&quot;iso&quot;:&quot;0&quot;,&quot;shutter_speed&quot;:&quot;0&quot;,&quot;title&quot;:&quot;&quot;,&quot;orientation&quot;:&quot;0&quot;}\" data-image-title=\"cercle-genealogique_anniv\" data-image-description=\"\" data-image-caption=\"\" data-medium-file=\"https:\/\/i0.wp.com\/herage.org\/blog\/wp-content\/uploads\/2021\/06\/cercle-genealogique_anniv.png?fit=212%2C300&amp;ssl=1\" data-large-file=\"https:\/\/i0.wp.com\/herage.org\/blog\/wp-content\/uploads\/2021\/06\/cercle-genealogique_anniv.png?fit=584%2C828&amp;ssl=1\" loading=\"lazy\" src=\"https:\/\/i0.wp.com\/herage.org\/blog\/wp-content\/uploads\/2021\/06\/cercle-genealogique_anniv.png?resize=299%2C408&#038;ssl=1\" alt=\"\" class=\"wp-image-2953\" width=\"299\" height=\"408\" data-recalc-dims=\"1\" \/><\/a><\/figure><\/div>\n<\/div>\n\n\n\n<div class=\"wp-container-2 wp-block-column is-vertically-aligned-center\">\n<ul><li><a href=\"https:\/\/herage.org\/blog\/?p=3014\" target=\"_blank\" rel=\"noreferrer noopener\">des expositions<\/a><\/li><li><a rel=\"noreferrer noopener\" href=\"https:\/\/herage.org\/blog\/?p=3012\" target=\"_blank\">des conf\u00e9rences<\/a><\/li><li><a rel=\"noreferrer noopener\" href=\"https:\/\/herage.org\/blog\/?p=3011\" target=\"_blank\">des ateliers<\/a><\/li><li><a rel=\"noreferrer noopener\" href=\"https:\/\/herage.org\/blog\/?p=2999\" target=\"_blank\">un rallye g\u00e9n\u00e9alogique<\/a><\/li><li><a rel=\"noreferrer noopener\" href=\"https:\/\/herage.org\/blog\/?p=2993\" target=\"_blank\">La recherche de Sosa<\/a><\/li><li><a rel=\"noreferrer noopener\" href=\"https:\/\/herage.org\/blog\/?p=3017\" target=\"_blank\">Le g\u00e2teau d&rsquo;anniversaire<\/a><\/li><\/ul>\n\n\n\n<p><\/p>\n\n\n<\/div>\n<\/div>\n\n\n\n<figure class=\"wp-block-image size-large\"><a href=\"https:\/\/i0.wp.com\/herage.org\/blog\/wp-content\/uploads\/2021\/09\/Programme-40-ans-CGP-v9-2.jpg?ssl=1\"><img data-attachment-id=\"3270\" data-permalink=\"https:\/\/herage.org\/blog\/anniversaire\/programme-40-ans-cgp-v9-2\/\" data-orig-file=\"https:\/\/i0.wp.com\/herage.org\/blog\/wp-content\/uploads\/2021\/09\/Programme-40-ans-CGP-v9-2.jpg?fit=1240%2C1754&amp;ssl=1\" data-orig-size=\"1240,1754\" data-comments-opened=\"1\" data-image-meta=\"{&quot;aperture&quot;:&quot;0&quot;,&quot;credit&quot;:&quot;&quot;,&quot;camera&quot;:&quot;&quot;,&quot;caption&quot;:&quot;&quot;,&quot;created_timestamp&quot;:&quot;0&quot;,&quot;copyright&quot;:&quot;&quot;,&quot;focal_length&quot;:&quot;0&quot;,&quot;iso&quot;:&quot;0&quot;,&quot;shutter_speed&quot;:&quot;0&quot;,&quot;title&quot;:&quot;&quot;,&quot;orientation&quot;:&quot;0&quot;}\" data-image-title=\"Programme-40-ans-CGP-v9-2\" data-image-description=\"\" data-image-caption=\"\" data-medium-file=\"https:\/\/i0.wp.com\/herage.org\/blog\/wp-content\/uploads\/2021\/09\/Programme-40-ans-CGP-v9-2.jpg?fit=212%2C300&amp;ssl=1\" data-large-file=\"https:\/\/i0.wp.com\/herage.org\/blog\/wp-content\/uploads\/2021\/09\/Programme-40-ans-CGP-v9-2.jpg?fit=584%2C826&amp;ssl=1\" loading=\"lazy\" width=\"584\" height=\"826\" src=\"https:\/\/i0.wp.com\/herage.org\/blog\/wp-content\/uploads\/2021\/09\/Programme-40-ans-CGP-v9-2.jpg?resize=584%2C826&#038;ssl=1\" alt=\"\" class=\"wp-image-3270\" srcset=\"https:\/\/i0.wp.com\/herage.org\/blog\/wp-content\/uploads\/2021\/09\/Programme-40-ans-CGP-v9-2.jpg?resize=724%2C1024&amp;ssl=1 724w, https:\/\/i0.wp.com\/herage.org\/blog\/wp-content\/uploads\/2021\/09\/Programme-40-ans-CGP-v9-2.jpg?resize=212%2C300&amp;ssl=1 212w, https:\/\/i0.wp.com\/herage.org\/blog\/wp-content\/uploads\/2021\/09\/Programme-40-ans-CGP-v9-2.jpg?resize=768%2C1086&amp;ssl=1 768w, https:\/\/i0.wp.com\/herage.org\/blog\/wp-content\/uploads\/2021\/09\/Programme-40-ans-CGP-v9-2.jpg?resize=1086%2C1536&amp;ssl=1 1086w, https:\/\/i0.wp.com\/herage.org\/blog\/wp-content\/uploads\/2021\/09\/Programme-40-ans-CGP-v9-2.jpg?w=1240&amp;ssl=1 1240w, https:\/\/i0.wp.com\/herage.org\/blog\/wp-content\/uploads\/2021\/09\/Programme-40-ans-CGP-v9-2.jpg?w=1168&amp;ssl=1 1168w\" sizes=\"(max-width: 584px) 100vw, 584px\" data-recalc-dims=\"1\" \/><\/a><\/figure>\n","protected":false},"excerpt":{"rendered":"<p>Mai 1981 ! &#8230; Le Cercle G\u00e9n\u00e9alogique Poitevin d\u00e9pose ses statuts. Cela fait 40 ans !&#8230; Un anniversaire cela se f\u00eate ! Attendue par les adh\u00e9rents du cercle, notamment par les plus anciens qui se souviennent des derni\u00e8res occasions, 2021 &hellip; <a href=\"https:\/\/herage.org\/blog\/anniversaire\/\">Continuer la lecture <span class=\"meta-nav\">&rarr;<\/span><\/a><\/p>\n","protected":false},"author":2,"featured_media":2953,"parent":0,"menu_order":1,"comment_status":"closed","ping_status":"closed","template":"","meta":{"spay_email":""},"jetpack_sharing_enabled":true,"jetpack_shortlink":"https:\/\/wp.me\/P4fVnZ-Lr","jetpack-related-posts":[{"id":2,"url":"https:\/\/herage.org\/blog\/a-propos\/","url_meta":{"origin":2941,"position":0},"title":"\u00c0 propos","date":"15 mars 2010","format":false,"excerpt":"Ceci est une premi\u00e8re page pour indiquer la raison d'\u00eatre de ce Blog. Ils nous a sembl\u00e9 qu'aucun Blog ne reprenait les diverses actions ou manifestations concernant la g\u00e9n\u00e9alogie de la Vienne. Nous sommes passionn\u00e9s de g\u00e9n\u00e9alogie et fr\u00e9quentons assiduement les archives d\u00e9partementales du d\u00e9partement. En plus, adh\u00e9rents du CGP\u2026","rel":"","context":"Dans &quot;Non class\u00e9&quot;","img":{"alt_text":"","src":"","width":0,"height":0},"classes":[]},{"id":141,"url":"https:\/\/herage.org\/blog\/calendrier\/agenda-du-cgpparis\/","url_meta":{"origin":2941,"position":1},"title":"RDV Franciliens","date":"7 septembre 2010","format":false,"excerpt":"Tous les 2 mois environ, les adh\u00e9rents et sympathisants qui le d\u00e9sirent se retrouvent dans des locaux situ\u00e9s au centre de Paris (Restaurant Le Standard Rive Gauche), ou parfois, en VisioConf\u00e9rence et ceci en fonction des possibilit\u00e9s. Ces r\u00e9union sont l\u2019occasion d'\u00e9changes conviviales entre adh\u00e9rents et sympathisants sur les recherches\u2026","rel":"","context":"Avec 4 commentaires","img":{"alt_text":"","src":"","width":0,"height":0},"classes":[]},{"id":711,"url":"https:\/\/herage.org\/blog\/calendrier\/rencontres-au-local-du-cgp-a-poitiers\/","url_meta":{"origin":2941,"position":2},"title":"RDV \u00e0 Poitiers","date":"28 janvier 2016","format":false,"excerpt":"Ouverture de la permanence de l'association.","rel":"","context":"Article similaire","img":{"alt_text":"","src":"","width":0,"height":0},"classes":[]},{"id":35,"url":"https:\/\/herage.org\/blog\/principes-de-labonnement\/","url_meta":{"origin":2941,"position":3},"title":"Abonnement au Blog","date":"18 mars 2010","format":false,"excerpt":"Ce Blog, bas\u00e9 sur WordPress, dispose d'un syst\u00e8me d'abonnement. Ce dernier est gratuit et permet aux personnes y ayant souscrit, de recevoir un message \u00e9lectronique d\u00e8s qu'un nouvel article est ins\u00e9r\u00e9 et publi\u00e9. Cet abonnement est personnalisable et, bien sur, peut \u00eatre abandonn\u00e9 \u00e0 tout moment. Gr\u00e2ce \u00e0 ce syst\u00e8me,\u2026","rel":"","context":"Dans &quot;Non class\u00e9&quot;","img":{"alt_text":"","src":"","width":0,"height":0},"classes":[]},{"id":569,"url":"https:\/\/herage.org\/blog\/calendrier\/","url_meta":{"origin":2941,"position":4},"title":"Rencontres et rendez-vous","date":"16 janvier 2014","format":false,"excerpt":"","rel":"","context":"Article similaire","img":{"alt_text":"","src":"","width":0,"height":0},"classes":[]},{"id":1562,"url":"https:\/\/herage.org\/blog\/principes-de-labonnement\/modification-du-profil-sur-le-blog\/","url_meta":{"origin":2941,"position":5},"title":"Modification du profil","date":"11 octobre 2018","format":false,"excerpt":"Vous pouvez actualiser vos informations sur le blog sur cette page. Bien s\u00fbr, il est n\u00e9cessaire de vous identifier pr\u00e9alablement. \u00a0","rel":"","context":"Article similaire","img":{"alt_text":"","src":"","width":0,"height":0},"classes":[]}],"_links":{"self":[{"href":"https:\/\/herage.org\/blog\/wp-json\/wp\/v2\/pages\/2941"}],"collection":[{"href":"https:\/\/herage.org\/blog\/wp-json\/wp\/v2\/pages"}],"about":[{"href":"https:\/\/herage.org\/blog\/wp-json\/wp\/v2\/types\/page"}],"author":[{"embeddable":true,"href":"https:\/\/herage.org\/blog\/wp-json\/wp\/v2\/users\/2"}],"replies":[{"embeddable":true,"href":"https:\/\/herage.org\/blog\/wp-json\/wp\/v2\/comments?post=2941"}],"version-history":[{"count":25,"href":"https:\/\/herage.org\/blog\/wp-json\/wp\/v2\/pages\/2941\/revisions"}],"predecessor-version":[{"id":3271,"href":"https:\/\/herage.org\/blog\/wp-json\/wp\/v2\/pages\/2941\/revisions\/3271"}],"wp:featuredmedia":[{"embeddable":true,"href":"https:\/\/herage.org\/blog\/wp-json\/wp\/v2\/media\/2953"}],"wp:attachment":[{"href":"https:\/\/herage.org\/blog\/wp-json\/wp\/v2\/media?parent=2941"}],"curies":[{"name":"wp","href":"https:\/\/api.w.org\/{rel}","templated":true}]}}